{"id":2831,"date":"2020-08-26T09:48:14","date_gmt":"2020-08-26T09:48:14","guid":{"rendered":"https:\/\/forestryexpo.se\/?page_id=2831"},"modified":"2021-10-08T09:02:08","modified_gmt":"2021-10-08T09:02:08","slug":"puffar-startsida","status":"publish","type":"page","link":"https:\/\/forestryexpo.se\/de\/puffar-startsida\/","title":{"rendered":"Puffar startsida"},"content":{"rendered":"<div class=\"wrapper-wpEditorContent\">\n<blockquote class=\"wp-block-quote is-style-default is-layout-flow wp-block-quote-is-layout-flow\"><p>Da ich wei\u00df, dass viele sich schon lange eine Maschinenmesse mit dem Schwerpunkt Gro\u00dfforstwirtschaft w\u00fcnschen, ist der Besuch der Swedish Forestry Expo in Stockholm ein absolutes Muss im Jahr 2023.<\/p><\/blockquote>\n\n\n\n<p class=\"has-text-align-center\">Kajsa Eklind, Forstmaschinenf\u00fchrerin Sveaskog<\/p>\n<\/div>","protected":false},"excerpt":{"rendered":"<p>Da ich wei\u00df, dass viele sich schon lange eine Maschinenmesse mit dem Schwerpunkt Gro\u00dfforstwirtschaft w\u00fcnschen, ist der Besuch der Swedish Forestry Expo in Stockholm ein absolutes Muss im Jahr 2023. Kajsa Eklind, Forstmaschinenf\u00fchrerin Sveaskog<\/p>\n","protected":false},"author":8,"featured_media":0,"parent":0,"menu_order":25,"comment_status":"closed","ping_status":"closed","template":"","meta":{"_acf_changed":false,"footnotes":""},"class_list":["post-2831","page","type-page","status-publish","hentry"],"acf":[],"_links":{"self":[{"href":"https:\/\/forestryexpo.se\/de\/wp-json\/wp\/v2\/pages\/2831","targetHints":{"allow":["GET"]}}],"collection":[{"href":"https:\/\/forestryexpo.se\/de\/wp-json\/wp\/v2\/pages"}],"about":[{"href":"https:\/\/forestryexpo.se\/de\/wp-json\/wp\/v2\/types\/page"}],"author":[{"embeddable":true,"href":"https:\/\/forestryexpo.se\/de\/wp-json\/wp\/v2\/users\/8"}],"replies":[{"embeddable":true,"href":"https:\/\/forestryexpo.se\/de\/wp-json\/wp\/v2\/comments?post=2831"}],"version-history":[{"count":3,"href":"https:\/\/forestryexpo.se\/de\/wp-json\/wp\/v2\/pages\/2831\/revisions"}],"predecessor-version":[{"id":3766,"href":"https:\/\/forestryexpo.se\/de\/wp-json\/wp\/v2\/pages\/2831\/revisions\/3766"}],"wp:attachment":[{"href":"https:\/\/forestryexpo.se\/de\/wp-json\/wp\/v2\/media?parent=2831"}],"curies":[{"name":"wp","href":"https:\/\/api.w.org\/{rel}","templated":true}]}}