{"id":2565,"date":"2020-05-20T11:05:29","date_gmt":"2020-05-20T11:05:29","guid":{"rendered":"https:\/\/forestryexpo.se\/?page_id=2565"},"modified":"2023-01-20T08:49:22","modified_gmt":"2023-01-20T08:49:22","slug":"puffar-startsida","status":"publish","type":"page","link":"https:\/\/forestryexpo.se\/fi\/puffar-startsida\/","title":{"rendered":"Puffar startsida"},"content":{"rendered":"<div class=\"wrapper-wpEditorContent\">\n<blockquote class=\"wp-block-quote is-style-default is-layout-flow wp-block-quote-is-layout-flow\"><p>Monet ovat kaivanneet konemessuja, joiden keski\u00f6ss\u00e4 on ammattimainen mets\u00e4talous. Vierailusta Tukholmassa ja Swedish Forestry Expossa tulee ehdottomasti yksi vuoden 2023 kohokohdista.<\/p><\/blockquote>\n\n\n\n<p class=\"has-text-align-center\">Kajsa Eklind, mets\u00e4koneistaja Sveaskog<\/p>\n<\/div>","protected":false},"excerpt":{"rendered":"<p>Monet ovat kaivanneet konemessuja, joiden keski\u00f6ss\u00e4 on ammattimainen mets\u00e4talous. Vierailusta Tukholmassa ja Swedish Forestry Expossa tulee ehdottomasti yksi vuoden 2023 kohokohdista. Kajsa Eklind, mets\u00e4koneistaja Sveaskog<\/p>\n","protected":false},"author":8,"featured_media":0,"parent":0,"menu_order":25,"comment_status":"closed","ping_status":"closed","template":"","meta":{"_acf_changed":false,"footnotes":""},"class_list":["post-2565","page","type-page","status-publish","hentry"],"acf":[],"_links":{"self":[{"href":"https:\/\/forestryexpo.se\/fi\/wp-json\/wp\/v2\/pages\/2565","targetHints":{"allow":["GET"]}}],"collection":[{"href":"https:\/\/forestryexpo.se\/fi\/wp-json\/wp\/v2\/pages"}],"about":[{"href":"https:\/\/forestryexpo.se\/fi\/wp-json\/wp\/v2\/types\/page"}],"author":[{"embeddable":true,"href":"https:\/\/forestryexpo.se\/fi\/wp-json\/wp\/v2\/users\/8"}],"replies":[{"embeddable":true,"href":"https:\/\/forestryexpo.se\/fi\/wp-json\/wp\/v2\/comments?post=2565"}],"version-history":[{"count":5,"href":"https:\/\/forestryexpo.se\/fi\/wp-json\/wp\/v2\/pages\/2565\/revisions"}],"predecessor-version":[{"id":4691,"href":"https:\/\/forestryexpo.se\/fi\/wp-json\/wp\/v2\/pages\/2565\/revisions\/4691"}],"wp:attachment":[{"href":"https:\/\/forestryexpo.se\/fi\/wp-json\/wp\/v2\/media?parent=2565"}],"curies":[{"name":"wp","href":"https:\/\/api.w.org\/{rel}","templated":true}]}}